{"id":406,"date":"2022-07-13T19:53:03","date_gmt":"2022-07-14T00:53:03","guid":{"rendered":"https:\/\/sumatealbosque.universoaldetalle.com\/?page_id=406"},"modified":"2022-08-03T17:34:37","modified_gmt":"2022-08-03T22:34:37","slug":"concurso-de-fotografia","status":"publish","type":"page","link":"https:\/\/sumatealbosque.com\/?page_id=406","title":{"rendered":"Concurso de Fotograf\u00eda"},"content":{"rendered":"\t\t<div data-elementor-type=\"wp-page\" data-elementor-id=\"406\" class=\"elementor elementor-406\" data-elementor-post-type=\"page\">\n\t\t\t\t\t\t\t\t\t<section class=\"elementor-section elementor-top-section elementor-element elementor-element-cffd7bb elementor-section-stretched elementor-section-full_width elementor-section-height-default elementor-section-height-default\" data-id=\"cffd7bb\" data-element_type=\"section\" data-settings=\"{&quot;stretch_section&quot;:&quot;section-stretched&quot;}\">\n\t\t\t\t\t\t<div class=\"elementor-container elementor-column-gap-default\">\n\t\t\t\t\t<div class=\"elementor-column elementor-col-100 elementor-top-column elementor-element elementor-element-6468715\" data-id=\"6468715\" data-element_type=\"column\">\n\t\t\t<div class=\"elementor-widget-wrap elementor-element-populated\">\n\t\t\t\t\t\t\t\t<div class=\"elementor-element elementor-element-d567fae elementor-widget__width-inherit elementor-widget elementor-widget-image\" data-id=\"d567fae\" data-element_type=\"widget\" data-widget_type=\"image.default\">\n\t\t\t\t<div class=\"elementor-widget-container\">\n\t\t\t<style>\/*! elementor - v3.16.0 - 14-09-2023 *\/\n.elementor-widget-image{text-align:center}.elementor-widget-image a{display:inline-block}.elementor-widget-image a img[src$=\".svg\"]{width:48px}.elementor-widget-image img{vertical-align:middle;display:inline-block}<\/style>\t\t\t\t\t\t\t\t\t\t\t\t<img decoding=\"async\" src=\"https:\/\/sumatealbosque.com\/wp-content\/uploads\/elementor\/thumbs\/Banner_Mesa-de-trabajo-1_Mesa-de-trabajo-1-scaled-q9niot4ah30jpd52lrvd9ff1uc153cxzfk7qxd919c.jpg\" title=\"Banner\" alt=\"Banner\" loading=\"lazy\" \/>\t\t\t\t\t\t\t\t\t\t\t\t\t\t\t<\/div>\n\t\t\t\t<\/div>\n\t\t\t\t\t<\/div>\n\t\t<\/div>\n\t\t\t\t\t\t\t<\/div>\n\t\t<\/section>\n\t\t\t\t<section class=\"elementor-section elementor-top-section elementor-element elementor-element-81349f0 elementor-section-full_width elementor-section-stretched elementor-section-height-default elementor-section-height-default\" data-id=\"81349f0\" data-element_type=\"section\" data-settings=\"{&quot;stretch_section&quot;:&quot;section-stretched&quot;}\">\n\t\t\t\t\t\t<div class=\"elementor-container elementor-column-gap-default\">\n\t\t\t\t\t<div class=\"elementor-column elementor-col-100 elementor-top-column elementor-element elementor-element-fc4dc26\" data-id=\"fc4dc26\" data-element_type=\"column\">\n\t\t\t<div class=\"elementor-widget-wrap elementor-element-populated\">\n\t\t\t\t\t\t\t\t<div class=\"elementor-element elementor-element-e8002dd elementor-widget elementor-widget-heading\" data-id=\"e8002dd\" data-element_type=\"widget\" data-widget_type=\"heading.default\">\n\t\t\t\t<div class=\"elementor-widget-container\">\n\t\t\t<style>\/*! elementor - v3.16.0 - 14-09-2023 *\/\n.elementor-heading-title{padding:0;margin:0;line-height:1}.elementor-widget-heading .elementor-heading-title[class*=elementor-size-]>a{color:inherit;font-size:inherit;line-height:inherit}.elementor-widget-heading .elementor-heading-title.elementor-size-small{font-size:15px}.elementor-widget-heading .elementor-heading-title.elementor-size-medium{font-size:19px}.elementor-widget-heading .elementor-heading-title.elementor-size-large{font-size:29px}.elementor-widget-heading .elementor-heading-title.elementor-size-xl{font-size:39px}.elementor-widget-heading .elementor-heading-title.elementor-size-xxl{font-size:59px}<\/style><h2 class=\"elementor-heading-title elementor-size-default\">Tema del concurso:<br>Mi conexi\u00f3n con el bosque<\/h2>\t\t<\/div>\n\t\t\t\t<\/div>\n\t\t\t\t<div class=\"elementor-element elementor-element-56cfac2 elementor-widget elementor-widget-text-editor\" data-id=\"56cfac2\" data-element_type=\"widget\" data-widget_type=\"text-editor.default\">\n\t\t\t\t<div class=\"elementor-widget-container\">\n\t\t\t<style>\/*! elementor - v3.16.0 - 14-09-2023 *\/\n.elementor-widget-text-editor.elementor-drop-cap-view-stacked .elementor-drop-cap{background-color:#69727d;color:#fff}.elementor-widget-text-editor.elementor-drop-cap-view-framed .elementor-drop-cap{color:#69727d;border:3px solid;background-color:transparent}.elementor-widget-text-editor:not(.elementor-drop-cap-view-default) .elementor-drop-cap{margin-top:8px}.elementor-widget-text-editor:not(.elementor-drop-cap-view-default) .elementor-drop-cap-letter{width:1em;height:1em}.elementor-widget-text-editor .elementor-drop-cap{float:left;text-align:center;line-height:1;font-size:50px}.elementor-widget-text-editor .elementor-drop-cap-letter{display:inline-block}<\/style>\t\t\t\t<p style=\"text-align: left;\"><span style=\"font-weight: 400;\">El concurso de fotograf\u00eda se consolida como una de las actividades m\u00e1s representativas del Festival S\u00famate al Bosque. Es una herramienta muy eficaz para divulgar la biodiversidad de nuestro territorio latinoamericano y el talento de las personas que desde la imagen capturan<\/span>&nbsp;la belleza de la naturaleza.<\/p>\n<p><span style=\"font-weight: 400;\">Para este a\u00f1o el concurso quiere visibilizar la conexi\u00f3n que cada persona tiene con los diversos ecosistemas y su forma de percibirlos: te invitamos a que participes y te sumes a esta muestra de im\u00e1genes que exaltan la belleza de nuestro mundo natural.<\/span><\/p>\n<p><span style=\"font-weight: 400;\">\u00a1S\u00famate!&nbsp;<\/span><\/p>\n<p><b>Objetivo del concurso:<\/b><\/p>\n<p><span style=\"font-weight: 400;\">Divulgar a partir de la imagen la diversidad biol\u00f3gica y cultural de los ecosistemas urbanos y rurales presentes en Colombia y Per\u00fa, y evidenciar la importancia de la protecci\u00f3n de estas \u00e1reas ambientales para el bienestar de todas las formas de vida.<\/span><\/p>\n<p><b>\u00bfQu\u00e9 tipo de im\u00e1genes busca el concurso?<\/b><\/p>\n<p><span style=\"font-weight: 400;\">Fotograf\u00edas que visibilicen la biodiversidad de los diferentes ecosistemas urbanos y rurales presentes en Colombia y Per\u00fa.&nbsp;<\/span><\/p>\n<p><b>\u00bfQui\u00e9n puede participar del concurso?:<\/b><\/p>\n<p><span style=\"font-weight: 400;\">Cualquier persona que resida en Ipiales, Cali, Medell\u00edn, Bogot\u00e1 y Lima, y que sea mayor de edad. Dicha persona no podr\u00e1 tener alg\u00fan v\u00ednculo con Envol Vert o Impulso Verde ni con las organizaciones aliadas y patrocinadoras del Festival S\u00famate al Bosque.<\/span><\/p>\n<p><b>Especificaciones t\u00e9cnicas de las fotograf\u00edas presentadas<\/b><\/p>\n<p><span style=\"font-weight: 400;\">Las fotograf\u00edas pueden ser a color o a blanco y negro. Otras alteraciones crom\u00e1ticas no son aceptadas.<\/span><\/p>\n<p><span style=\"font-weight: 400;\">No se tendr\u00e1n en cuenta fotograf\u00edas con montajes o efectos de edici\u00f3n (marca de agua, filtros de dibujo, ilustraciones, letras, entre otros).<\/span><\/p>\n<p><span style=\"font-weight: 400;\">Las fotograf\u00edas deben ser enviadas en formato JPG o TIFF en la m\u00e1s alta resoluci\u00f3n que sea posible.<\/span><\/p>\n<p><b>Procedimiento de entrega:<\/b><\/p>\n<p><span style=\"font-weight: 400;\">Las fotograf\u00edas se enviar\u00e1n completando un formulario en el que se solicitar\u00e1 informaci\u00f3n del participante y de los archivos fotogr\u00e1ficos.<\/span><\/p>\n<p><span style=\"font-weight: 400;\">Podr\u00e1n realizarlo por medio del siguiente enlace:<\/span><\/p>\n<p>Cada archivo de fotograf\u00eda debe adjuntarse por separado en formato JPG o TIFF.<\/p>\n<p><span style=\"font-weight: 400;\">Cada participante podr\u00e1 concursar con m\u00e1ximo dos (2) fotograf\u00edas.<\/span><\/p>\n<p><span style=\"font-weight: 400;\">Los nombres de los archivos deben ir de la siguiente forma: Apellido-nombre-1. Ejemplo: Ospina-Diana-1.<\/span><\/p>\n<p><span style=\"font-weight: 400;\">Junto a los archivos de las fotograf\u00edas adjuntar los siguientes documentos: formato diligenciado \u201c<\/span><i><span style=\"font-weight: 400;\">autorizaci\u00f3n para el uso de imagen<\/span><\/i><span style=\"font-weight: 400;\">\u201d.<\/span><\/p>\n<p><b>Plazos de entrega:<\/b><\/p>\n<p><span style=\"font-weight: 400;\">Si est\u00e1s en Ipiales y Cali: La convocatoria estar\u00e1 abierta desde el <\/span><b>viernes 5 de agosto de 2022 hasta el domingo 24 de agosto de 2022<\/b><span style=\"font-weight: 400;\">.<\/span><\/p>\n<p><span style=\"font-weight: 400;\">Si est\u00e1s en Medell\u00edn y Bogot\u00e1:&nbsp;<\/span>La convocatoria estar\u00e1 abierta desde el&nbsp;<span style=\"font-weight: 700;\">viernes 5 de agosto de 2022 hasta el viernes 30 de septiembre de 2022<\/span>.<\/p>\n<p>Los resultados ser\u00e1n publicados y dados a conocer en la clausura del Festival S\u00famate al Bosque en cada ciudad y a trav\u00e9s de las redes sociales correspondientes.<br><\/p>\n<p><b>Premiaci\u00f3n por ciudad<\/b><\/p>\n<p><span style=\"font-weight: 400;\">Ipiales: 17 de septiembre<\/span><\/p>\n<p>Cali:&nbsp; 01 de octubre<\/p>\n<p><span style=\"font-weight: 400;\">Medell\u00edn: 17 de octubre<\/span><\/p>\n<p><span style=\"font-weight: 400;\">Bogot\u00e1: 30 de octubre<\/span><\/p>\n<p><span style=\"font-weight: 400;\">Lima: 9 de noviembre<\/span><\/p>\n<p><b>Proceso de selecci\u00f3n de las fotograf\u00edas ganadoras:<\/b><\/p>\n<p><span style=\"font-weight: 400;\">Se realizar\u00e1 una revisi\u00f3n inicial y se descartar\u00e1n las im\u00e1genes que no cumplan con los requisitos m\u00ednimos establecidos: datos, resoluci\u00f3n, pertinencia.<\/span><\/p>\n<p><span style=\"font-weight: 400;\">Posteriormente Envol Vert e Impulso Verde junto con aliados y patrocinadores elegir\u00e1n las mejores fotograf\u00edas para ser impresas y exhibidas en la galer\u00eda fotogr\u00e1fica en el marco del Festival S\u00famate al Bosque.&nbsp;<\/span><\/p>\n<p><span style=\"font-weight: 400;\">Ser\u00e1n compartidas en las p\u00e1ginas de Facebook de Envol Vert e Impulso Verde para recibir votaci\u00f3n del p\u00fablico . Las tres (3) fotograf\u00edas con m\u00e1s likes por ciudad ser\u00e1n las ganadoras. Los criterios de selecci\u00f3n que usar\u00e1n Envol Vert e Impulso Verde para seleccionar las mejores fotograf\u00edas para publicar en Facebook por ciudad ser\u00e1n las siguientes:<\/span><\/p>\n<table>\n<tbody>\n<tr>\n<td colspan=\"2\">\n<p><span style=\"font-weight: 400;\">Elementos a evaluar<\/span><\/p>\n<\/td>\n<td colspan=\"5\">\n<p><span style=\"font-weight: 400;\">Puntaje<\/span><\/p>\n<\/td>\n<\/tr>\n<tr>\n<td>\n<p><span style=\"font-weight: 400;\">Valor<\/span><\/p>\n<\/td>\n<td>\n<p><span style=\"font-weight: 400;\">Caracter\u00edsticas<\/span><\/p>\n<\/td>\n<td>\n<p><span style=\"font-weight: 400;\">1<\/span><\/p>\n<\/td>\n<td>\n<p><span style=\"font-weight: 400;\">2<\/span><\/p>\n<\/td>\n<td>\n<p><span style=\"font-weight: 400;\">3<\/span><\/p>\n<\/td>\n<td>\n<p><span style=\"font-weight: 400;\">4<\/span><\/p>\n<\/td>\n<td>\n<p><span style=\"font-weight: 400;\">5<\/span><\/p>\n<\/td>\n<\/tr>\n<tr>\n<td>\n<p><span style=\"font-weight: 400;\">25 %<\/span><\/p>\n<\/td>\n<td>\n<p><span style=\"font-weight: 400;\">Narrativa \/ Discurso<\/span><\/p>\n<\/td>\n<td>&nbsp;<\/td>\n<td>&nbsp;<\/td>\n<td>&nbsp;<\/td>\n<td>&nbsp;<\/td>\n<td>&nbsp;<\/td>\n<\/tr>\n<tr>\n<td>\n<p><span style=\"font-weight: 400;\">45 %<\/span><\/p>\n<\/td>\n<td>\n<p><span style=\"font-weight: 400;\">Coherencia entre la fotograf\u00eda y el tema del concurso<\/span><\/p>\n<\/td>\n<td>&nbsp;<\/td>\n<td>&nbsp;<\/td>\n<td>&nbsp;<\/td>\n<td>&nbsp;<\/td>\n<td>&nbsp;<\/td>\n<\/tr>\n<tr>\n<td>\n<p><span style=\"font-weight: 400;\">30 %<\/span><\/p>\n<\/td>\n<td>\n<p><span style=\"font-weight: 400;\">T\u00e9cnica: composici\u00f3n, enfoque, luz, resoluci\u00f3n.<\/span><\/p>\n<\/td>\n<td>&nbsp;<\/td>\n<td>&nbsp;<\/td>\n<td>&nbsp;<\/td>\n<td>&nbsp;<\/td>\n<td>&nbsp;<\/td>\n<\/tr>\n<\/tbody>\n<\/table>\n<p><b>Incentivos:<\/b><\/p>\n<p><span style=\"font-weight: 400;\">En cada una de las ciudades se premiar\u00e1n las tres fotograf\u00edas con m\u00e1s likes y estar\u00e1n exhibidas durante el festival junto con las preseleccionadas. Los premios ser\u00e1n de acuerdo a los aliados y patrocinadores a nivel nacional y local.&nbsp;&nbsp;<\/span><\/p>\t\t\t\t\t\t<\/div>\n\t\t\t\t<\/div>\n\t\t\t\t\t<\/div>\n\t\t<\/div>\n\t\t\t\t\t\t\t<\/div>\n\t\t<\/section>\n\t\t\t\t<section class=\"elementor-section elementor-top-section elementor-element elementor-element-b5bed80 elementor-section-stretched elementor-section-boxed elementor-section-height-default elementor-section-height-default\" data-id=\"b5bed80\" data-element_type=\"section\" data-settings=\"{&quot;stretch_section&quot;:&quot;section-stretched&quot;}\">\n\t\t\t\t\t\t<div class=\"elementor-container elementor-column-gap-default\">\n\t\t\t\t\t<div class=\"elementor-column elementor-col-100 elementor-top-column elementor-element elementor-element-b885978\" data-id=\"b885978\" data-element_type=\"column\">\n\t\t\t<div class=\"elementor-widget-wrap elementor-element-populated\">\n\t\t\t\t\t\t\t\t<div class=\"elementor-element elementor-element-3cfc07b elementor-align-center elementor-widget elementor-widget-button\" data-id=\"3cfc07b\" data-element_type=\"widget\" data-widget_type=\"button.default\">\n\t\t\t\t<div class=\"elementor-widget-container\">\n\t\t\t\t\t<div class=\"elementor-button-wrapper\">\n\t\t\t<a class=\"elementor-button elementor-button-link elementor-size-sm\" href=\"#\">\n\t\t\t\t\t\t<span class=\"elementor-button-content-wrapper\">\n\t\t\t\t\t\t<span class=\"elementor-button-text\">Descarga el documento de autorizaci\u00f3n para el uso de la imagen<\/span>\n\t\t<\/span>\n\t\t\t\t\t<\/a>\n\t\t<\/div>\n\t\t\t\t<\/div>\n\t\t\t\t<\/div>\n\t\t\t\t\t<\/div>\n\t\t<\/div>\n\t\t\t\t\t\t\t<\/div>\n\t\t<\/section>\n\t\t\t\t<section class=\"elementor-section elementor-top-section elementor-element elementor-element-fb19953 elementor-section-stretched elementor-section-boxed elementor-section-height-default elementor-section-height-default\" data-id=\"fb19953\" data-element_type=\"section\" data-settings=\"{&quot;stretch_section&quot;:&quot;section-stretched&quot;}\">\n\t\t\t\t\t\t<div class=\"elementor-container elementor-column-gap-default\">\n\t\t\t\t\t<div class=\"elementor-column elementor-col-100 elementor-top-column elementor-element elementor-element-e6caa9d\" data-id=\"e6caa9d\" data-element_type=\"column\">\n\t\t\t<div class=\"elementor-widget-wrap elementor-element-populated\">\n\t\t\t\t\t\t\t\t<div class=\"elementor-element elementor-element-41f9478 elementor-align-center elementor-widget elementor-widget-button\" data-id=\"41f9478\" data-element_type=\"widget\" data-widget_type=\"button.default\">\n\t\t\t\t<div class=\"elementor-widget-container\">\n\t\t\t\t\t<div class=\"elementor-button-wrapper\">\n\t\t\t<a class=\"elementor-button elementor-button-link elementor-size-sm\" href=\"https:\/\/docs.google.com\/forms\/d\/e\/1FAIpQLScUmWJ6ju-EAFz-nD3k3q37f-ePBWF0ta11hO8sED7Pwy9Kzw\/viewform?usp=sf_link\" target=\"_blank\">\n\t\t\t\t\t\t<span class=\"elementor-button-content-wrapper\">\n\t\t\t\t\t\t<span class=\"elementor-button-text\">Inscr\u00edbete aqu\u00ed<\/span>\n\t\t<\/span>\n\t\t\t\t\t<\/a>\n\t\t<\/div>\n\t\t\t\t<\/div>\n\t\t\t\t<\/div>\n\t\t\t\t\t<\/div>\n\t\t<\/div>\n\t\t\t\t\t\t\t<\/div>\n\t\t<\/section>\n\t\t\t\t\t\t\t<\/div>\n\t\t","protected":false},"excerpt":{"rendered":"<p>Tema del concurso:Mi conexi\u00f3n con el bosque El concurso de fotograf\u00eda se consolida como una de las actividades m\u00e1s representativas del Festival S\u00famate al Bosque. Es una herramienta muy eficaz para divulgar la biodiversidad de nuestro territorio latinoamericano y el talento de las personas que desde la imagen capturan&nbsp;la belleza de la naturaleza. Para este a\u00f1o el concurso quiere visibilizar&#8230;<\/p>\n","protected":false},"author":2,"featured_media":0,"parent":0,"menu_order":0,"comment_status":"closed","ping_status":"closed","template":"","meta":{"_mi_skip_tracking":false,"_monsterinsights_sitenote_active":false,"_monsterinsights_sitenote_note":"","_monsterinsights_sitenote_category":0,"footnotes":""},"class_list":["post-406","page","type-page","status-publish","hentry"],"yoast_head":"<!-- This site is optimized with the Yoast SEO plugin v21.1 - https:\/\/yoast.com\/wordpress\/plugins\/seo\/ -->\n<title>Concurso de Fotograf\u00eda - S\u00famate al Bosque<\/title>\n<meta name=\"robots\" content=\"index, follow, max-snippet:-1, max-image-preview:large, max-video-preview:-1\" \/>\n<link rel=\"canonical\" href=\"https:\/\/sumatealbosque.com\/?page_id=406\" \/>\n<meta property=\"og:locale\" content=\"es_ES\" \/>\n<meta property=\"og:type\" content=\"article\" \/>\n<meta property=\"og:title\" content=\"Concurso de Fotograf\u00eda - S\u00famate al Bosque\" \/>\n<meta property=\"og:description\" content=\"Tema del concurso:Mi conexi\u00f3n con el bosque El concurso de fotograf\u00eda se consolida como una de las actividades m\u00e1s representativas del Festival S\u00famate al Bosque. Es una herramienta muy eficaz para divulgar la biodiversidad de nuestro territorio latinoamericano y el talento de las personas que desde la imagen capturan&nbsp;la belleza de la naturaleza. Para este a\u00f1o el concurso quiere visibilizar...\" \/>\n<meta property=\"og:url\" content=\"https:\/\/sumatealbosque.com\/?page_id=406\" \/>\n<meta property=\"og:site_name\" content=\"S\u00famate al Bosque\" \/>\n<meta property=\"article:modified_time\" content=\"2022-08-03T22:34:37+00:00\" \/>\n<meta property=\"og:image\" content=\"https:\/\/sumatealbosque.universoaldetalle.com\/wp-content\/uploads\/elementor\/thumbs\/Banner_Mesa-de-trabajo-1_Mesa-de-trabajo-1-scaled-psmyihz14bghnpogci9dmurded65xl31ar0x2oj82o.jpg\" \/>\n<meta name=\"twitter:card\" content=\"summary_large_image\" \/>\n<meta name=\"twitter:label1\" content=\"Tiempo estimado de lectura\" \/>\n\t<meta name=\"twitter:data1\" content=\"4 minutos\" \/>\n<script type=\"application\/ld+json\" class=\"yoast-schema-graph\">{\"@context\":\"https:\/\/schema.org\",\"@graph\":[{\"@type\":\"WebPage\",\"@id\":\"https:\/\/sumatealbosque.com\/?page_id=406\",\"url\":\"https:\/\/sumatealbosque.com\/?page_id=406\",\"name\":\"Concurso de Fotograf\u00eda - S\u00famate al Bosque\",\"isPartOf\":{\"@id\":\"https:\/\/sumatealbosque.com\/#website\"},\"datePublished\":\"2022-07-14T00:53:03+00:00\",\"dateModified\":\"2022-08-03T22:34:37+00:00\",\"breadcrumb\":{\"@id\":\"https:\/\/sumatealbosque.com\/?page_id=406#breadcrumb\"},\"inLanguage\":\"es-CO\",\"potentialAction\":[{\"@type\":\"ReadAction\",\"target\":[\"https:\/\/sumatealbosque.com\/?page_id=406\"]}]},{\"@type\":\"BreadcrumbList\",\"@id\":\"https:\/\/sumatealbosque.com\/?page_id=406#breadcrumb\",\"itemListElement\":[{\"@type\":\"ListItem\",\"position\":1,\"name\":\"Inicio\",\"item\":\"https:\/\/sumatealbosque.com\/\"},{\"@type\":\"ListItem\",\"position\":2,\"name\":\"Concurso de Fotograf\u00eda\"}]},{\"@type\":\"WebSite\",\"@id\":\"https:\/\/sumatealbosque.com\/#website\",\"url\":\"https:\/\/sumatealbosque.com\/\",\"name\":\"S\u00famate al Bosque\",\"description\":\"Festival de la biodiversidad\",\"publisher\":{\"@id\":\"https:\/\/sumatealbosque.com\/#organization\"},\"potentialAction\":[{\"@type\":\"SearchAction\",\"target\":{\"@type\":\"EntryPoint\",\"urlTemplate\":\"https:\/\/sumatealbosque.com\/?s={search_term_string}\"},\"query-input\":\"required name=search_term_string\"}],\"inLanguage\":\"es-CO\"},{\"@type\":\"Organization\",\"@id\":\"https:\/\/sumatealbosque.com\/#organization\",\"name\":\"S\u00famate al Bosque\",\"url\":\"https:\/\/sumatealbosque.com\/\",\"logo\":{\"@type\":\"ImageObject\",\"inLanguage\":\"es-CO\",\"@id\":\"https:\/\/sumatealbosque.com\/#\/schema\/logo\/image\/\",\"url\":\"https:\/\/sumatealbosque.com\/wp-content\/uploads\/2020\/06\/Logo_Sumate_2022_web_Mesa-de-trabajo-1.png\",\"contentUrl\":\"https:\/\/sumatealbosque.com\/wp-content\/uploads\/2020\/06\/Logo_Sumate_2022_web_Mesa-de-trabajo-1.png\",\"width\":521,\"height\":359,\"caption\":\"S\u00famate al Bosque\"},\"image\":{\"@id\":\"https:\/\/sumatealbosque.com\/#\/schema\/logo\/image\/\"}}]}<\/script>\n<!-- \/ Yoast SEO plugin. -->","yoast_head_json":{"title":"Concurso de Fotograf\u00eda - S\u00famate al Bosque","robots":{"index":"index","follow":"follow","max-snippet":"max-snippet:-1","max-image-preview":"max-image-preview:large","max-video-preview":"max-video-preview:-1"},"canonical":"https:\/\/sumatealbosque.com\/?page_id=406","og_locale":"es_ES","og_type":"article","og_title":"Concurso de Fotograf\u00eda - S\u00famate al Bosque","og_description":"Tema del concurso:Mi conexi\u00f3n con el bosque El concurso de fotograf\u00eda se consolida como una de las actividades m\u00e1s representativas del Festival S\u00famate al Bosque. Es una herramienta muy eficaz para divulgar la biodiversidad de nuestro territorio latinoamericano y el talento de las personas que desde la imagen capturan&nbsp;la belleza de la naturaleza. Para este a\u00f1o el concurso quiere visibilizar...","og_url":"https:\/\/sumatealbosque.com\/?page_id=406","og_site_name":"S\u00famate al Bosque","article_modified_time":"2022-08-03T22:34:37+00:00","og_image":[{"url":"https:\/\/sumatealbosque.universoaldetalle.com\/wp-content\/uploads\/elementor\/thumbs\/Banner_Mesa-de-trabajo-1_Mesa-de-trabajo-1-scaled-psmyihz14bghnpogci9dmurded65xl31ar0x2oj82o.jpg"}],"twitter_card":"summary_large_image","twitter_misc":{"Tiempo estimado de lectura":"4 minutos"},"schema":{"@context":"https:\/\/schema.org","@graph":[{"@type":"WebPage","@id":"https:\/\/sumatealbosque.com\/?page_id=406","url":"https:\/\/sumatealbosque.com\/?page_id=406","name":"Concurso de Fotograf\u00eda - S\u00famate al Bosque","isPartOf":{"@id":"https:\/\/sumatealbosque.com\/#website"},"datePublished":"2022-07-14T00:53:03+00:00","dateModified":"2022-08-03T22:34:37+00:00","breadcrumb":{"@id":"https:\/\/sumatealbosque.com\/?page_id=406#breadcrumb"},"inLanguage":"es-CO","potentialAction":[{"@type":"ReadAction","target":["https:\/\/sumatealbosque.com\/?page_id=406"]}]},{"@type":"BreadcrumbList","@id":"https:\/\/sumatealbosque.com\/?page_id=406#breadcrumb","itemListElement":[{"@type":"ListItem","position":1,"name":"Inicio","item":"https:\/\/sumatealbosque.com\/"},{"@type":"ListItem","position":2,"name":"Concurso de Fotograf\u00eda"}]},{"@type":"WebSite","@id":"https:\/\/sumatealbosque.com\/#website","url":"https:\/\/sumatealbosque.com\/","name":"S\u00famate al Bosque","description":"Festival de la biodiversidad","publisher":{"@id":"https:\/\/sumatealbosque.com\/#organization"},"potentialAction":[{"@type":"SearchAction","target":{"@type":"EntryPoint","urlTemplate":"https:\/\/sumatealbosque.com\/?s={search_term_string}"},"query-input":"required name=search_term_string"}],"inLanguage":"es-CO"},{"@type":"Organization","@id":"https:\/\/sumatealbosque.com\/#organization","name":"S\u00famate al Bosque","url":"https:\/\/sumatealbosque.com\/","logo":{"@type":"ImageObject","inLanguage":"es-CO","@id":"https:\/\/sumatealbosque.com\/#\/schema\/logo\/image\/","url":"https:\/\/sumatealbosque.com\/wp-content\/uploads\/2020\/06\/Logo_Sumate_2022_web_Mesa-de-trabajo-1.png","contentUrl":"https:\/\/sumatealbosque.com\/wp-content\/uploads\/2020\/06\/Logo_Sumate_2022_web_Mesa-de-trabajo-1.png","width":521,"height":359,"caption":"S\u00famate al Bosque"},"image":{"@id":"https:\/\/sumatealbosque.com\/#\/schema\/logo\/image\/"}}]}},"_links":{"self":[{"href":"https:\/\/sumatealbosque.com\/index.php?rest_route=\/wp\/v2\/pages\/406","targetHints":{"allow":["GET"]}}],"collection":[{"href":"https:\/\/sumatealbosque.com\/index.php?rest_route=\/wp\/v2\/pages"}],"about":[{"href":"https:\/\/sumatealbosque.com\/index.php?rest_route=\/wp\/v2\/types\/page"}],"author":[{"embeddable":true,"href":"https:\/\/sumatealbosque.com\/index.php?rest_route=\/wp\/v2\/users\/2"}],"replies":[{"embeddable":true,"href":"https:\/\/sumatealbosque.com\/index.php?rest_route=%2Fwp%2Fv2%2Fcomments&post=406"}],"version-history":[{"count":73,"href":"https:\/\/sumatealbosque.com\/index.php?rest_route=\/wp\/v2\/pages\/406\/revisions"}],"predecessor-version":[{"id":1780,"href":"https:\/\/sumatealbosque.com\/index.php?rest_route=\/wp\/v2\/pages\/406\/revisions\/1780"}],"wp:attachment":[{"href":"https:\/\/sumatealbosque.com\/index.php?rest_route=%2Fwp%2Fv2%2Fmedia&parent=406"}],"curies":[{"name":"wp","href":"https:\/\/api.w.org\/{rel}","templated":true}]}}