{"id":620,"date":"2022-07-16T17:13:11","date_gmt":"2022-07-16T22:13:11","guid":{"rendered":"https:\/\/sumatealbosque.universoaldetalle.com\/?page_id=620"},"modified":"2022-07-31T23:40:38","modified_gmt":"2022-08-01T04:40:38","slug":"prensa","status":"publish","type":"page","link":"https:\/\/sumatealbosque.com\/?page_id=620","title":{"rendered":"Prensa"},"content":{"rendered":"\t\t<div data-elementor-type=\"wp-page\" data-elementor-id=\"620\" class=\"elementor elementor-620\" data-elementor-post-type=\"page\">\n\t\t\t\t\t\t\t\t\t<section class=\"elementor-section elementor-top-section elementor-element elementor-element-c81eedd elementor-section-full_width elementor-section-stretched elementor-section-height-default elementor-section-height-default\" data-id=\"c81eedd\" data-element_type=\"section\" data-settings=\"{&quot;stretch_section&quot;:&quot;section-stretched&quot;}\">\n\t\t\t\t\t\t<div class=\"elementor-container elementor-column-gap-default\">\n\t\t\t\t\t<div class=\"elementor-column elementor-col-100 elementor-top-column elementor-element elementor-element-b5df877\" data-id=\"b5df877\" data-element_type=\"column\">\n\t\t\t<div class=\"elementor-widget-wrap elementor-element-populated\">\n\t\t\t\t\t\t\t\t<div class=\"elementor-element elementor-element-5db3f52 elementor-widget elementor-widget-heading\" data-id=\"5db3f52\" data-element_type=\"widget\" data-widget_type=\"heading.default\">\n\t\t\t\t<div class=\"elementor-widget-container\">\n\t\t\t<style>\/*! elementor - v3.16.0 - 14-09-2023 *\/\n.elementor-heading-title{padding:0;margin:0;line-height:1}.elementor-widget-heading .elementor-heading-title[class*=elementor-size-]>a{color:inherit;font-size:inherit;line-height:inherit}.elementor-widget-heading .elementor-heading-title.elementor-size-small{font-size:15px}.elementor-widget-heading .elementor-heading-title.elementor-size-medium{font-size:19px}.elementor-widget-heading .elementor-heading-title.elementor-size-large{font-size:29px}.elementor-widget-heading .elementor-heading-title.elementor-size-xl{font-size:39px}.elementor-widget-heading .elementor-heading-title.elementor-size-xxl{font-size:59px}<\/style><h2 class=\"elementor-heading-title elementor-size-default\">Bolet\u00edn de prensa<\/h2>\t\t<\/div>\n\t\t\t\t<\/div>\n\t\t\t\t<div class=\"elementor-element elementor-element-f843f9e elementor-widget elementor-widget-text-editor\" data-id=\"f843f9e\" data-element_type=\"widget\" data-widget_type=\"text-editor.default\">\n\t\t\t\t<div class=\"elementor-widget-container\">\n\t\t\t<style>\/*! elementor - v3.16.0 - 14-09-2023 *\/\n.elementor-widget-text-editor.elementor-drop-cap-view-stacked .elementor-drop-cap{background-color:#69727d;color:#fff}.elementor-widget-text-editor.elementor-drop-cap-view-framed .elementor-drop-cap{color:#69727d;border:3px solid;background-color:transparent}.elementor-widget-text-editor:not(.elementor-drop-cap-view-default) .elementor-drop-cap{margin-top:8px}.elementor-widget-text-editor:not(.elementor-drop-cap-view-default) .elementor-drop-cap-letter{width:1em;height:1em}.elementor-widget-text-editor .elementor-drop-cap{float:left;text-align:center;line-height:1;font-size:50px}.elementor-widget-text-editor .elementor-drop-cap-letter{display:inline-block}<\/style>\t\t\t\t<p>Lorem fistrum por la gloria de mi madre esse jarl aliqua llevame al sircoo. De la pradera ullamco qu\u00e9 dise usteer est\u00e1 la cosa muy malar.<\/p>\t\t\t\t\t\t<\/div>\n\t\t\t\t<\/div>\n\t\t\t\t\t<\/div>\n\t\t<\/div>\n\t\t\t\t\t\t\t<\/div>\n\t\t<\/section>\n\t\t\t\t<section class=\"elementor-section elementor-top-section elementor-element elementor-element-re8djfl elementor-section-content-middle elementor-section-full_width elementor-section-stretched elementor-section-height-default elementor-section-height-default\" data-id=\"re8djfl\" data-element_type=\"section\" data-settings=\"{&quot;background_background&quot;:&quot;classic&quot;,&quot;stretch_section&quot;:&quot;section-stretched&quot;}\">\n\t\t\t\t\t\t\t<div class=\"elementor-background-overlay\"><\/div>\n\t\t\t\t\t\t\t<div class=\"elementor-container elementor-column-gap-no\">\n\t\t\t\t\t<div class=\"elementor-column elementor-col-100 elementor-top-column elementor-element elementor-element-116f2ae\" data-id=\"116f2ae\" data-element_type=\"column\">\n\t\t\t<div class=\"elementor-widget-wrap elementor-element-populated\">\n\t\t\t\t\t\t\t\t<div class=\"elementor-element elementor-element-105ab5c elementor-widget elementor-widget-heading\" data-id=\"105ab5c\" data-element_type=\"widget\" data-widget_type=\"heading.default\">\n\t\t\t\t<div class=\"elementor-widget-container\">\n\t\t\t<h5 class=\"elementor-heading-title elementor-size-default\">Material audiovisual para medios de comunicaci\u00f3n<\/h5>\t\t<\/div>\n\t\t\t\t<\/div>\n\t\t\t\t<div class=\"elementor-element elementor-element-d26675a elementor-widget elementor-widget-heading\" data-id=\"d26675a\" data-element_type=\"widget\" data-widget_type=\"heading.default\">\n\t\t\t\t<div class=\"elementor-widget-container\">\n\t\t\t<h2 class=\"elementor-heading-title elementor-size-default\">Descarga el kit de prensa<\/h2>\t\t<\/div>\n\t\t\t\t<\/div>\n\t\t\t\t<div class=\"elementor-element elementor-element-79cc1f7 elementor-align-center elementor-widget elementor-widget-button\" data-id=\"79cc1f7\" data-element_type=\"widget\" data-widget_type=\"button.default\">\n\t\t\t\t<div class=\"elementor-widget-container\">\n\t\t\t\t\t<div class=\"elementor-button-wrapper\">\n\t\t\t<a class=\"elementor-button elementor-button-link elementor-size-sm\" href=\"#\">\n\t\t\t\t\t\t<span class=\"elementor-button-content-wrapper\">\n\t\t\t\t\t\t<span class=\"elementor-button-text\">Descargar<\/span>\n\t\t<\/span>\n\t\t\t\t\t<\/a>\n\t\t<\/div>\n\t\t\t\t<\/div>\n\t\t\t\t<\/div>\n\t\t\t\t\t<\/div>\n\t\t<\/div>\n\t\t\t\t\t\t\t<\/div>\n\t\t<\/section>\n\t\t\t\t\t\t\t<\/div>\n\t\t","protected":false},"excerpt":{"rendered":"<p>Bolet\u00edn de prensa Lorem fistrum por la gloria de mi madre esse jarl aliqua llevame al sircoo. De la pradera ullamco qu\u00e9 dise usteer est\u00e1 la cosa muy malar. Material audiovisual para medios de comunicaci\u00f3n Descarga el kit de prensa Descargar<\/p>\n","protected":false},"author":2,"featured_media":0,"parent":0,"menu_order":0,"comment_status":"closed","ping_status":"closed","template":"","meta":{"_mi_skip_tracking":false,"_monsterinsights_sitenote_active":false,"_monsterinsights_sitenote_note":"","_monsterinsights_sitenote_category":0,"footnotes":""},"class_list":["post-620","page","type-page","status-publish","hentry"],"yoast_head":"<!-- This site is optimized with the Yoast SEO plugin v21.1 - https:\/\/yoast.com\/wordpress\/plugins\/seo\/ -->\n<title>Prensa - S\u00famate al Bosque<\/title>\n<meta name=\"robots\" content=\"index, follow, max-snippet:-1, max-image-preview:large, max-video-preview:-1\" \/>\n<link rel=\"canonical\" href=\"https:\/\/sumatealbosque.com\/?page_id=620\" \/>\n<meta property=\"og:locale\" content=\"es_ES\" \/>\n<meta property=\"og:type\" content=\"article\" \/>\n<meta property=\"og:title\" content=\"Prensa - S\u00famate al Bosque\" \/>\n<meta property=\"og:description\" content=\"Bolet\u00edn de prensa Lorem fistrum por la gloria de mi madre esse jarl aliqua llevame al sircoo. De la pradera ullamco qu\u00e9 dise usteer est\u00e1 la cosa muy malar. Material audiovisual para medios de comunicaci\u00f3n Descarga el kit de prensa Descargar\" \/>\n<meta property=\"og:url\" content=\"https:\/\/sumatealbosque.com\/?page_id=620\" \/>\n<meta property=\"og:site_name\" content=\"S\u00famate al Bosque\" \/>\n<meta property=\"article:modified_time\" content=\"2022-08-01T04:40:38+00:00\" \/>\n<meta name=\"twitter:card\" content=\"summary_large_image\" \/>\n<meta name=\"twitter:label1\" content=\"Tiempo estimado de lectura\" \/>\n\t<meta name=\"twitter:data1\" content=\"1 minuto\" \/>\n<script type=\"application\/ld+json\" class=\"yoast-schema-graph\">{\"@context\":\"https:\/\/schema.org\",\"@graph\":[{\"@type\":\"WebPage\",\"@id\":\"https:\/\/sumatealbosque.com\/?page_id=620\",\"url\":\"https:\/\/sumatealbosque.com\/?page_id=620\",\"name\":\"Prensa - S\u00famate al Bosque\",\"isPartOf\":{\"@id\":\"https:\/\/sumatealbosque.com\/#website\"},\"datePublished\":\"2022-07-16T22:13:11+00:00\",\"dateModified\":\"2022-08-01T04:40:38+00:00\",\"breadcrumb\":{\"@id\":\"https:\/\/sumatealbosque.com\/?page_id=620#breadcrumb\"},\"inLanguage\":\"es-CO\",\"potentialAction\":[{\"@type\":\"ReadAction\",\"target\":[\"https:\/\/sumatealbosque.com\/?page_id=620\"]}]},{\"@type\":\"BreadcrumbList\",\"@id\":\"https:\/\/sumatealbosque.com\/?page_id=620#breadcrumb\",\"itemListElement\":[{\"@type\":\"ListItem\",\"position\":1,\"name\":\"Inicio\",\"item\":\"https:\/\/sumatealbosque.com\/\"},{\"@type\":\"ListItem\",\"position\":2,\"name\":\"Prensa\"}]},{\"@type\":\"WebSite\",\"@id\":\"https:\/\/sumatealbosque.com\/#website\",\"url\":\"https:\/\/sumatealbosque.com\/\",\"name\":\"S\u00famate al Bosque\",\"description\":\"Festival de la biodiversidad\",\"publisher\":{\"@id\":\"https:\/\/sumatealbosque.com\/#organization\"},\"potentialAction\":[{\"@type\":\"SearchAction\",\"target\":{\"@type\":\"EntryPoint\",\"urlTemplate\":\"https:\/\/sumatealbosque.com\/?s={search_term_string}\"},\"query-input\":\"required name=search_term_string\"}],\"inLanguage\":\"es-CO\"},{\"@type\":\"Organization\",\"@id\":\"https:\/\/sumatealbosque.com\/#organization\",\"name\":\"S\u00famate al Bosque\",\"url\":\"https:\/\/sumatealbosque.com\/\",\"logo\":{\"@type\":\"ImageObject\",\"inLanguage\":\"es-CO\",\"@id\":\"https:\/\/sumatealbosque.com\/#\/schema\/logo\/image\/\",\"url\":\"https:\/\/sumatealbosque.com\/wp-content\/uploads\/2020\/06\/Logo_Sumate_2022_web_Mesa-de-trabajo-1.png\",\"contentUrl\":\"https:\/\/sumatealbosque.com\/wp-content\/uploads\/2020\/06\/Logo_Sumate_2022_web_Mesa-de-trabajo-1.png\",\"width\":521,\"height\":359,\"caption\":\"S\u00famate al Bosque\"},\"image\":{\"@id\":\"https:\/\/sumatealbosque.com\/#\/schema\/logo\/image\/\"}}]}<\/script>\n<!-- \/ Yoast SEO plugin. -->","yoast_head_json":{"title":"Prensa - S\u00famate al Bosque","robots":{"index":"index","follow":"follow","max-snippet":"max-snippet:-1","max-image-preview":"max-image-preview:large","max-video-preview":"max-video-preview:-1"},"canonical":"https:\/\/sumatealbosque.com\/?page_id=620","og_locale":"es_ES","og_type":"article","og_title":"Prensa - S\u00famate al Bosque","og_description":"Bolet\u00edn de prensa Lorem fistrum por la gloria de mi madre esse jarl aliqua llevame al sircoo. De la pradera ullamco qu\u00e9 dise usteer est\u00e1 la cosa muy malar. Material audiovisual para medios de comunicaci\u00f3n Descarga el kit de prensa Descargar","og_url":"https:\/\/sumatealbosque.com\/?page_id=620","og_site_name":"S\u00famate al Bosque","article_modified_time":"2022-08-01T04:40:38+00:00","twitter_card":"summary_large_image","twitter_misc":{"Tiempo estimado de lectura":"1 minuto"},"schema":{"@context":"https:\/\/schema.org","@graph":[{"@type":"WebPage","@id":"https:\/\/sumatealbosque.com\/?page_id=620","url":"https:\/\/sumatealbosque.com\/?page_id=620","name":"Prensa - S\u00famate al Bosque","isPartOf":{"@id":"https:\/\/sumatealbosque.com\/#website"},"datePublished":"2022-07-16T22:13:11+00:00","dateModified":"2022-08-01T04:40:38+00:00","breadcrumb":{"@id":"https:\/\/sumatealbosque.com\/?page_id=620#breadcrumb"},"inLanguage":"es-CO","potentialAction":[{"@type":"ReadAction","target":["https:\/\/sumatealbosque.com\/?page_id=620"]}]},{"@type":"BreadcrumbList","@id":"https:\/\/sumatealbosque.com\/?page_id=620#breadcrumb","itemListElement":[{"@type":"ListItem","position":1,"name":"Inicio","item":"https:\/\/sumatealbosque.com\/"},{"@type":"ListItem","position":2,"name":"Prensa"}]},{"@type":"WebSite","@id":"https:\/\/sumatealbosque.com\/#website","url":"https:\/\/sumatealbosque.com\/","name":"S\u00famate al Bosque","description":"Festival de la biodiversidad","publisher":{"@id":"https:\/\/sumatealbosque.com\/#organization"},"potentialAction":[{"@type":"SearchAction","target":{"@type":"EntryPoint","urlTemplate":"https:\/\/sumatealbosque.com\/?s={search_term_string}"},"query-input":"required name=search_term_string"}],"inLanguage":"es-CO"},{"@type":"Organization","@id":"https:\/\/sumatealbosque.com\/#organization","name":"S\u00famate al Bosque","url":"https:\/\/sumatealbosque.com\/","logo":{"@type":"ImageObject","inLanguage":"es-CO","@id":"https:\/\/sumatealbosque.com\/#\/schema\/logo\/image\/","url":"https:\/\/sumatealbosque.com\/wp-content\/uploads\/2020\/06\/Logo_Sumate_2022_web_Mesa-de-trabajo-1.png","contentUrl":"https:\/\/sumatealbosque.com\/wp-content\/uploads\/2020\/06\/Logo_Sumate_2022_web_Mesa-de-trabajo-1.png","width":521,"height":359,"caption":"S\u00famate al Bosque"},"image":{"@id":"https:\/\/sumatealbosque.com\/#\/schema\/logo\/image\/"}}]}},"_links":{"self":[{"href":"https:\/\/sumatealbosque.com\/index.php?rest_route=\/wp\/v2\/pages\/620","targetHints":{"allow":["GET"]}}],"collection":[{"href":"https:\/\/sumatealbosque.com\/index.php?rest_route=\/wp\/v2\/pages"}],"about":[{"href":"https:\/\/sumatealbosque.com\/index.php?rest_route=\/wp\/v2\/types\/page"}],"author":[{"embeddable":true,"href":"https:\/\/sumatealbosque.com\/index.php?rest_route=\/wp\/v2\/users\/2"}],"replies":[{"embeddable":true,"href":"https:\/\/sumatealbosque.com\/index.php?rest_route=%2Fwp%2Fv2%2Fcomments&post=620"}],"version-history":[{"count":22,"href":"https:\/\/sumatealbosque.com\/index.php?rest_route=\/wp\/v2\/pages\/620\/revisions"}],"predecessor-version":[{"id":1328,"href":"https:\/\/sumatealbosque.com\/index.php?rest_route=\/wp\/v2\/pages\/620\/revisions\/1328"}],"wp:attachment":[{"href":"https:\/\/sumatealbosque.com\/index.php?rest_route=%2Fwp%2Fv2%2Fmedia&parent=620"}],"curies":[{"name":"wp","href":"https:\/\/api.w.org\/{rel}","templated":true}]}}